{"id":42,"date":"2020-01-24T14:57:53","date_gmt":"2020-01-24T14:57:53","guid":{"rendered":"http:\/\/theater1882.de\/?page_id=42"},"modified":"2020-02-12T16:23:21","modified_gmt":"2020-02-12T16:23:21","slug":"chronik","status":"publish","type":"page","link":"https:\/\/theater1882.de\/?page_id=42","title":{"rendered":"Archiv"},"content":{"rendered":"<p>In unserem Archiv finden Sie vieles aus der Geschichte unseres Vereins, z. B. pflegen wir eine <a href=\"https:\/\/theater1882.de\/?page_id=838\">Liste unsere Auff\u00fchrungen<\/a>, es gibt eine <a href=\"https:\/\/theater1882.de\/?page_id=846\">Zusammenfassung der letzten 125 Jahre Vereinsleben<\/a> und nat\u00fcrlich einiges zu unseren Jubil\u00e4en selbst. Ein besonderen Eintrag haben wir auch unserem geliebten Vereinslokal gewidmet. Viel Spa\u00df beim st\u00f6bern und entdecken.<\/p>\n\n\n<p><\/p>\n","protected":false},"excerpt":{"rendered":"<p>In unserem Archiv finden Sie vieles aus der Geschichte unseres Vereins, z. B. pflegen wir eine Liste unsere Auff\u00fchrungen, es<\/p>\n","protected":false},"author":1,"featured_media":0,"parent":0,"menu_order":-2,"comment_status":"closed","ping_status":"closed","template":"","meta":{"ngg_post_thumbnail":0,"footnotes":""},"class_list":["post-42","page","type-page","status-publish","hentry"],"_links":{"self":[{"href":"https:\/\/theater1882.de\/index.php?rest_route=\/wp\/v2\/pages\/42","targetHints":{"allow":["GET"]}}],"collection":[{"href":"https:\/\/theater1882.de\/index.php?rest_route=\/wp\/v2\/pages"}],"about":[{"href":"https:\/\/theater1882.de\/index.php?rest_route=\/wp\/v2\/types\/page"}],"author":[{"embeddable":true,"href":"https:\/\/theater1882.de\/index.php?rest_route=\/wp\/v2\/users\/1"}],"replies":[{"embeddable":true,"href":"https:\/\/theater1882.de\/index.php?rest_route=%2Fwp%2Fv2%2Fcomments&post=42"}],"version-history":[{"count":4,"href":"https:\/\/theater1882.de\/index.php?rest_route=\/wp\/v2\/pages\/42\/revisions"}],"predecessor-version":[{"id":852,"href":"https:\/\/theater1882.de\/index.php?rest_route=\/wp\/v2\/pages\/42\/revisions\/852"}],"wp:attachment":[{"href":"https:\/\/theater1882.de\/index.php?rest_route=%2Fwp%2Fv2%2Fmedia&parent=42"}],"curies":[{"name":"wp","href":"https:\/\/api.w.org\/{rel}","templated":true}]}}