{"id":838,"date":"2020-02-12T15:43:23","date_gmt":"2020-02-12T15:43:23","guid":{"rendered":"http:\/\/theater1882.de\/?page_id=838"},"modified":"2025-10-09T17:38:41","modified_gmt":"2025-10-09T17:38:41","slug":"auffuehrungen-seit-1957","status":"publish","type":"page","link":"https:\/\/theater1882.de\/?page_id=838","title":{"rendered":"Auff\u00fchrungen seit 1957"},"content":{"rendered":"\n<p><\/p>\n\n\n\n<figure class=\"wp-block-table is-style-stripes\"><table><tbody><tr><td><strong>Jahr<\/strong><\/td><td><strong>M\u00e4rchen<\/strong><\/td><td><strong>Lustst\u00fcck<\/strong><\/td><\/tr><tr><td>1954<\/td><td>Der B\u00e4renh\u00e4uter<\/td><td><\/td><\/tr><tr><td>1955<\/td><td>Rumpelstilzchen<\/td><td><\/td><\/tr><tr><td>1957<\/td><td>Der Froschk\u00f6nig<\/td><td><\/td><\/tr><tr><td>1958<\/td><td>Der gestiefelte Kater<\/td><td><\/td><\/tr><tr><td>1959<\/td><td>Das tapfere Schneiderlein<\/td><td><\/td><\/tr><tr><td>1960<\/td><td>H\u00e4nsel und Gretel<\/td><td><\/td><\/tr><tr><td>1962<\/td><td>Schneewei\u00dfchen und Rosenrot<\/td><td><\/td><\/tr><tr><td>1963<\/td><td>Schneewittchen und die 7 Zwerge<\/td><td><\/td><\/tr><tr><td>1964<\/td><td>Frau Holle<\/td><td><\/td><\/tr><tr><td>1965<\/td><td>Rumpelstilzchen<\/td><td><\/td><\/tr><tr><td>1966<\/td><td>Engel Olafs Erdenfahrt<\/td><td><\/td><\/tr><tr><td>1967<\/td><td>Das tapfere Schneiderlein<\/td><td><\/td><\/tr><tr><td>1968<\/td><td>Der gestiefelte Kater<\/td><td><\/td><\/tr><tr><td>1969<\/td><td>Dornr\u00f6schen<\/td><td><\/td><\/tr><tr><td>1970<\/td><td>Rotk\u00e4ppchen<\/td><td><\/td><\/tr><tr><td>1971<\/td><td>Die Prinzessin auf der Erbse<\/td><td><\/td><\/tr><tr><td>1972<\/td><td>Der Froschk\u00f6nig<\/td><td><\/td><\/tr><tr><td>1973<\/td><td>Schneewei\u00dfchen und Rosenrot<\/td><td><\/td><\/tr><tr><td>1974<\/td><td>Frau Holle<\/td><td><\/td><\/tr><tr><td>1975<\/td><td>Rumpelstilzchen<\/td><td><\/td><\/tr><tr><td>1976<\/td><td>H\u00e4nsel und Gretel<\/td><td><\/td><\/tr><tr><td>1977<\/td><td>Die Bremer Stadtmusikanten<\/td><td><\/td><\/tr><tr><td>1978<\/td><td>Dornr\u00f6schen<\/td><td><\/td><\/tr><tr><td>1979<\/td><td>Das tapfere Schneiderlein<\/td><td><\/td><\/tr><tr><td>1980<\/td><td>Der gestiefelte Kater<\/td><td><\/td><\/tr><tr><td>1981<\/td><td>Die Prinzessin auf der Erbse<\/td><td><\/td><\/tr><tr><td>1982<\/td><td>Der Froschk\u00f6nig<\/td><td>Der geplatzte Strohwitwer<\/td><\/tr><tr><td>1983<\/td><td>Schneewei\u00dfchen und Rosenrot<\/td><td>Der Meisterl\u00fcgner<\/td><\/tr><tr><td>1984<\/td><td>Frau Holle<\/td><td>Haus Kieper und seine G\u00e4ste<\/td><\/tr><tr><td>1985<\/td><td>Die Bremer Stadtmusikanten<\/td><td>Der schwarze Koffer<\/td><\/tr><tr><td>1986<\/td><td>H\u00e4nsel und Gretel<\/td><td>Mit K\u00fcchenbenutzung<\/td><\/tr><tr><td>1987<\/td><td>Rotk\u00e4ppchen<\/td><td>Der Vetter aus Amerika<\/td><\/tr><tr><td>1988<\/td><td>Rumpelstilzchen<\/td><td>Der Meisterboxer<\/td><\/tr><tr><td>1989<\/td><td>Dornr\u00f6schen<\/td><td>Otto der Treue<\/td><\/tr><tr><td>1990<\/td><td>Der gestiefelte Kater<\/td><td>Rambazamba am Lido Makkaroni<\/td><\/tr><tr><td>1991<\/td><td>Das tapfere Schneiderlein<\/td><td>Maxemilian der Starke<\/td><\/tr><tr><td>1992<\/td><td>Schneewittchen und die 7 Zwerge<\/td><td>Wunder gibt es immer wieder <\/td><\/tr><tr><td>1993<\/td><td>Die Prinzessin auf der Erbse<\/td><td>Familienkrach im Doppelhaus<\/td><\/tr><tr><td>1994<\/td><td>Der Froschk\u00f6nig<\/td><td>Good Morning Mr. Mayer<\/td><\/tr><tr><td>1995<\/td><td>Schneewei\u00dfchen und Rosenrot<\/td><td>Wahlskandal im Kleckertal<\/td><\/tr><tr><td>1996<\/td><td>Kasper und die Honigdiebe<\/td><td>Geld macht doch gl\u00fccklich<\/td><\/tr><tr><td>1997<\/td><td>Die Prinzessin auf der Erbse<\/td><td>Der geplatzte Strohwitwer<\/td><\/tr><tr><td>1998<\/td><td>Rotk\u00e4ppchen<\/td><td>Mit K\u00fcchenbenutzung<\/td><\/tr><tr><td>1999<\/td><td>Frau Holle<\/td><td>Otto der Treue<\/td><\/tr><tr><td>2000<\/td><td>H\u00e4nsel und Gretel<\/td><td>Der Pantoffelheld<\/td><\/tr><tr><td>2001<\/td><td>Dornr\u00f6schen<\/td><td>Der Meisterl\u00fcgner<\/td><\/tr><tr><td>2002<\/td><td><\/td><td>3 Einakter<br>&#8211; Heiraten, nicht in die T\u00fcte<br>&#8211; Willi auf Abwegen<br>&#8211; Wehe wenn&#8217;s ein Junge wird<\/td><\/tr><tr><td>2003<\/td><td>Die Bremer Stadtmusikanten<\/td><td>3 Einakter<br>&#8211; Das Testament<br>&#8211; Schwiegersohn im Doppelpack<br>&#8211; Wer melkt die Ziege<\/td><\/tr><tr><td>2004<\/td><td>Rumpelstilzchen<\/td><td><\/td><\/tr><tr><td>2005<\/td><td>Kasper und die Honigdiebe<\/td><td>K\u00fcsse f\u00fcr die Tanten<\/td><\/tr><tr><td>2006<\/td><td>Das tapfere Schneiderlein<\/td><td>Ein Wochenende voller Z\u00e4rtlichkeit<\/td><\/tr><tr><td>2007<\/td><td>Der gestiefelte Kater<\/td><td>Aufstand der Pantoffelhelden<\/td><\/tr><tr><td>2008<\/td><td>Schneewei\u00dfchen und Rosenrot<\/td><td>Wunder gibt es immer wieder <\/td><\/tr><tr><td>2009<\/td><td>Der Froschk\u00f6nig<\/td><td>Der Meisterboxer<\/td><\/tr><tr><td>2010<\/td><td>Schneewittchen<\/td><td>Mallorca ol\u00e9<\/td><\/tr><tr><td>2011<\/td><td>Rotk\u00e4ppchen<\/td><td>Natur pur<\/td><\/tr><tr><td>2012<\/td><td>Prinz Frechdachs und Prinz Tunichtgut<\/td><td>So eine Nacht<\/td><\/tr><tr><td>2013<\/td><td>H\u00e4nsel und Gretel<\/td><td>Luise, du nervst!<\/td><\/tr><tr><td>2014<\/td><td>Nicht so sch\u00fcchtern, Rosenk\u00f6nig<\/td><td>Theaterabend<br>&#8211; Sie k\u00f6nnen kochen?<br>&#8211; Summende Hummeln<\/td><\/tr><tr><td>2015<\/td><td><\/td><td>Wer hat die Million gewonnen?<\/td><\/tr><tr><td>2016<\/td><td>Frau Holle<\/td><td>Theaterabend<br>&#8211; Ein Flohmarkt<br>&#8211; Nur was im Regal liegt<br>&#8211; Ich mach das schon<\/td><\/tr><tr><td>2017<\/td><td>Schneewittchen und die 7  Zwerge<\/td><td>Frauenpower<\/td><\/tr><tr><td>2018<\/td><td>Das tapfere Schneiderlein<\/td><td>Ach, du fr\u00f6hliche!<\/td><\/tr><tr><td>2019<\/td><td>Die Bremer Stadtmusikanten<\/td><td>Nix Amore am Lago Magiore!<\/td><\/tr><tr><td>2022<\/td><td>Die Prinzessin auf der Erbse<\/td><td>Theaterfest<br>&#8211; Aschenputtel (als Sketch)<br>&#8211; Ideen muss man haben<br>&#8211; Die Nachhilfestunde<br>&#8211; Taxi Chaos<\/td><\/tr><tr><td>2023<\/td><td>Schneewei\u00dfchen &amp; Rosenrot<\/td><td>Hochzeitstag mit Hindernissen<\/td><\/tr><tr><td>2024<\/td><td>H\u00e4nsel &amp; Gretel<\/td><td>Der Tyran<\/td><\/tr><tr><td>2025<\/td><td>Rumpelstilzchen<\/td><td>Theaterfest<br>&#8211; Golden Girlies<br>&#8211; Dinner for Five<br>&#8211; Ein seltsames Stelldichein<\/td><\/tr><\/tbody><\/table><\/figure>\n","protected":false},"excerpt":{"rendered":"<p>Jahr M\u00e4rchen Lustst\u00fcck 1954 Der B\u00e4renh\u00e4uter 1955 Rumpelstilzchen 1957 Der Froschk\u00f6nig 1958 Der gestiefelte Kater 1959 Das tapfere Schneiderlein 1960<\/p>\n","protected":false},"author":1,"featured_media":0,"parent":0,"menu_order":0,"comment_status":"closed","ping_status":"closed","template":"","meta":{"ngg_post_thumbnail":0,"footnotes":""},"class_list":["post-838","page","type-page","status-publish","hentry"],"_links":{"self":[{"href":"https:\/\/theater1882.de\/index.php?rest_route=\/wp\/v2\/pages\/838","targetHints":{"allow":["GET"]}}],"collection":[{"href":"https:\/\/theater1882.de\/index.php?rest_route=\/wp\/v2\/pages"}],"about":[{"href":"https:\/\/theater1882.de\/index.php?rest_route=\/wp\/v2\/types\/page"}],"author":[{"embeddable":true,"href":"https:\/\/theater1882.de\/index.php?rest_route=\/wp\/v2\/users\/1"}],"replies":[{"embeddable":true,"href":"https:\/\/theater1882.de\/index.php?rest_route=%2Fwp%2Fv2%2Fcomments&post=838"}],"version-history":[{"count":7,"href":"https:\/\/theater1882.de\/index.php?rest_route=\/wp\/v2\/pages\/838\/revisions"}],"predecessor-version":[{"id":1228,"href":"https:\/\/theater1882.de\/index.php?rest_route=\/wp\/v2\/pages\/838\/revisions\/1228"}],"wp:attachment":[{"href":"https:\/\/theater1882.de\/index.php?rest_route=%2Fwp%2Fv2%2Fmedia&parent=838"}],"curies":[{"name":"wp","href":"https:\/\/api.w.org\/{rel}","templated":true}]}}