{"id":865,"date":"2022-06-05T17:41:59","date_gmt":"2022-06-05T17:41:59","guid":{"rendered":"http:\/\/theater1882.de\/?page_id=865"},"modified":"2023-04-13T17:52:36","modified_gmt":"2023-04-13T17:52:36","slug":"bekanntmachungen","status":"publish","type":"page","link":"https:\/\/theater1882.de\/?page_id=865","title":{"rendered":"Bekanntmachungen"},"content":{"rendered":"\n<h1 class=\"wp-block-heading\">Jahreshauptversammlung 2023<\/h1>\n\n\n\n<p><\/p>\n\n\n\n<p>Heute haben wir im Rahmen unserer Jahreshauptversammmung wieder Ehrungen vornehmen d\u00fcrfen&#8230;.<\/p>\n\n\n\n<p>Wir gratulieren Erika Junker f\u00fcr 50 Jahre Mitgliedschaft und Silke H\u00fcllenkremer f\u00fcr 25 Jahre Mitgliedschaft im Verein.<\/p>\n\n\n\n<p>Wir bedanken uns stellvertretend bei Annelie Thoma und gratulieren zu 110 Jahren Vereinslokal der Gastst\u00e4tte Thoma.<\/p>\n\n\n\n<p>Zudem kam es heute zu einigen personellen Ver\u00e4nderungen und Neuwahlen in unserem Vorstand \u00fcber die wir Euch ebenfalls auf diesem Weg informieren <a><\/a>wollen&#8230;.<\/p>\n\n\n\n<p>Wir bedanken uns zun\u00e4chst bei Silvia und J\u00fcrgen Schlenter sowie bei Rita Hilgers f\u00fcr Eure langj\u00e4hrige und intensive Arbeit im Vorstand und f\u00fcr Euren Einsatz f\u00fcr den Verein!!<\/p>\n\n\n\n<p>Heute gew\u00e4hlt wurden:<\/p>\n\n\n\n<p>Patrick Koenigs zum 1. Vorsitzenden<\/p>\n\n\n\n<p>Thomas Grief zum 1. Kassierer<\/p>\n\n\n\n<p>Astrid Fehse zur 2. Kassiererin<\/p>\n\n\n\n<p>Alex Grief zur 2. Schriftf\u00fchrerin<\/p>\n\n\n\n<p>Laura Ohlenforst zur 2. Spielleitung<\/p>\n\n\n\n<p>Als Beisitzer stehen uns Birgit St\u00f6tzer-Hilgers, Marianne Ohlenforst, Oliver Nelli\u00dfen, Claudia Nelles und Bodo Keuter tatkr\u00e4ftig zur Seite&#8230;..<\/p>\n\n\n\n<p>&#8230;.Wir freuen uns auf eine gute Zusammenarbeit!<\/p>\n\n\n\n<h1 class=\"wp-block-heading\">Weihnachtsbrief 2022<\/h1>\n\n\n\n<p><strong>\u201eZusammenkunft ist ein Anfang<br>Zusammenhalt ist ein Fortschritt<br>Zusammenarbeit ist der Erfolg\u201c<\/strong><br>(Henry Ford)<\/p>\n\n\n\n<p>Das ist unser Wunsch f\u00fcr das kommende Jahr.<br>Wir verbinden damit die besten Gr\u00fc\u00dfe an Sie, f\u00fcr ein besinnliches, friedliches und segenrei-ches Weihnachtsfest.<br>Wiederum neigt sich ein Jahr seinem Ende entgegen.<br>Im R\u00fcckblick bleibt zu hoffen, dass Sie mit unseren Veranstaltungen in diesem Jahr zufrie-den waren.<br>Unser Theaterfest im August war ein voller Erfolg und es war ein sch\u00f6ner Wiedereinstieg in unser Vereinsleben.<br>Die Veranstaltung war sehr gut von Jung und Alt angenommen worden. Wir konnten einen wundersch\u00f6nen Tag mit Ihnen verbringen.<br>Auch unser M\u00e4rchenspiel \u201ePrinzessin auf der Erbse\u201c im November war gelungen und wie-der gut besucht.<br>F\u00fcr die im zu Ende gehenden Jahr erwiesene Treue, Verbundenheit und Unterst\u00fctzung be-dankt sich der Vorstand vom Theaterverein \u201eEinigkeit\u201c 1882 Siersdorf ganz herzlich bei allen aktiven und inaktiven Mitgliedern, bei allen Freunden, Fans und Zuschauern und bei allen, die das Vereinsleben mitgestaltet und gef\u00f6rdert haben.<br>Wir freuen uns auf ein erfolgreiches und sch\u00f6nes Theatervereinsjahr 2023.<\/p>\n\n\n\n<p>Kommen Sie gut ins neue Jahr und bleiben Sie gesund.<\/p>\n\n\n\n<p>Ihr Theaterverein \u201eEinigkeit\u201c 1882<\/p>\n\n\n\n<p><\/p>\n\n\n\n<p><\/p>\n\n\n\n<h2 class=\"wp-block-heading\">Weihnachtsbrief 2021<\/h2>\n\n\n\n<p>Liebe Vereinsmitglieder,<\/p>\n\n\n\n<p><strong>Corona h\u00e4lt uns den Spiegel vor\u2026\u2026<\/strong><br>Im Fr\u00fchling 2020 war es r\u00fcckblickend leicht, solidarisch zu sein. Die Situation war f\u00fcr alle neu, also hielt man spontan zusammen.<br>Man besann sich auf das eigene Quartier, bestellte Essen zum Mitnehmen beim Lieblingsrestaurant und kaufte Gutscheine, um das lokale Gewerbe zu unterst\u00fctzen.<br>Herausfordernd war es f\u00fcr die Familien. Die Schulen blieben fast zwei Monate geschlossen, Homeoffice und Homeschooling unter einen Hut zu bringen, brachte viele Eltern an ihre Grenzen.<\/p>\n\n\n\n<p><strong>Auch Absagen entmutigen uns nicht\u2026\u2026<\/strong><br>Die Proben zu unserm Lustst\u00fcck sind gut ins Jahr 2020 gestartet.<br>Aber was dann auf uns alle zukam, ahnte niemand.<br>Die Proben wurden kurzfristig abgesagt und somit auch die Auff\u00fchrung des Lustst\u00fccks am Muttertags Wochenende im Mai.<\/p>\n\n\n\n<p><strong>Nein, das Jahr 2020 war kein gutes Jahr\u2026\u2026<\/strong><br>Das Wort, das das vergangene Jahr f\u00fcr uns als Verein beschreibt, ist \u201eUnsicherheit\u201c. Auch das traditionelle M\u00e4rchenspiel war nicht m\u00f6glich zur Auff\u00fchrung zu bringen. Als Vorsitzende des Theatervereins war es schwierig bis ausgeschlossen Ziele zu entwickeln, welche in k\u00fcrzester Zeit keine Bedeutung mehr hatten.<br>Von diesem Jahr wird uns der Blick auf das Leiden der Kinder, Jugendlichen, aber auch den Erwachsenen bleiben. Diesen hat die Pandemie einiges genommen, nicht die k\u00f6rperliche Gesundheit, jedoch das soziale Leben und eine gewisse Unbeschwertheit durch die Konfrontation mit den \u00c4ngsten.<br>Unser Blick in das Jahr 2021 war gemischt, wir hatten Hoffnung, dass wir Corona 2020 h\u00e4tten hinter uns lassen k\u00f6nnen, aber dem war leider nicht so. Es folgte ein weiteres Jahr in einer Wiederholungsschleife.<br>F\u00fcr das Jahr 2022 ist unser Blick in die Zukunft verschwommen, wir w\u00fcrden uns auf ein Ende der Pandemie freuen.<br>Aber es bleibt die Gewissheit, dass der Blick in die Zukunft bekanntlich schwer ist.<\/p>\n\n\n\n<p>Leider hei\u00dft das auch, dass wir unser Lustst\u00fcck im kommenden Jahr nicht in der gewohnten Weise auff\u00fchren k\u00f6nnen. Wir arbeiten jedoch aktiv an einer alternativen L\u00f6sung, wie z.B. an einem Sommertheater, damit wir Ihnen und uns m\u00f6glichst bald wieder ein paar nette Stunden<br>bereiten k\u00f6nnen.<\/p>\n\n\n\n<p>Vielleicht wird das 2022 ein Jahr voller Wunder und positiver \u00dcberraschungen. Wir sind voller Tatendrang und wollen im kommenden Jahr wieder durchstarten.<\/p>\n\n\n\n<p><strong>Hier ein kleiner Ausblick:<\/strong><\/p>\n\n\n\n<ul class=\"wp-block-list\">\n<li>Die Jahreshauptversammlung f\u00fcr die Jahre 2020 und 2021 mit den entsprechenden Ehrungen soll am 13. 03.2022 stattfinden, eine separate Einladung wird rechtzeitig folgen.<\/li>\n\n\n\n<li>Unser M\u00e4rchenspiel soll wie gewohnt am ersten Wochenende im November 2022 stattfinden.<\/li>\n<\/ul>\n\n\n\n<p>An dieser Stelle m\u00f6chten wir Ihnen ein gesegnetes Weihnachtsfest w\u00fcnschen und kommen Sie gut in das Jahr 2022 und wir freuen uns auf ein baldiges Wiedersehen.<\/p>\n\n\n\n<p><strong>Ihr Theaterverein &#8222;Einigkeit&#8220; 1882 Siersdorf<\/strong> <\/p>\n","protected":false},"excerpt":{"rendered":"<p>Jahreshauptversammlung 2023 Heute haben wir im Rahmen unserer Jahreshauptversammmung wieder Ehrungen vornehmen d\u00fcrfen&#8230;. Wir gratulieren Erika Junker f\u00fcr 50 Jahre<\/p>\n","protected":false},"author":1,"featured_media":0,"parent":0,"menu_order":0,"comment_status":"closed","ping_status":"closed","template":"","meta":{"ngg_post_thumbnail":0,"footnotes":""},"class_list":["post-865","page","type-page","status-publish","hentry"],"_links":{"self":[{"href":"https:\/\/theater1882.de\/index.php?rest_route=\/wp\/v2\/pages\/865","targetHints":{"allow":["GET"]}}],"collection":[{"href":"https:\/\/theater1882.de\/index.php?rest_route=\/wp\/v2\/pages"}],"about":[{"href":"https:\/\/theater1882.de\/index.php?rest_route=\/wp\/v2\/types\/page"}],"author":[{"embeddable":true,"href":"https:\/\/theater1882.de\/index.php?rest_route=\/wp\/v2\/users\/1"}],"replies":[{"embeddable":true,"href":"https:\/\/theater1882.de\/index.php?rest_route=%2Fwp%2Fv2%2Fcomments&post=865"}],"version-history":[{"count":2,"href":"https:\/\/theater1882.de\/index.php?rest_route=\/wp\/v2\/pages\/865\/revisions"}],"predecessor-version":[{"id":1011,"href":"https:\/\/theater1882.de\/index.php?rest_route=\/wp\/v2\/pages\/865\/revisions\/1011"}],"wp:attachment":[{"href":"https:\/\/theater1882.de\/index.php?rest_route=%2Fwp%2Fv2%2Fmedia&parent=865"}],"curies":[{"name":"wp","href":"https:\/\/api.w.org\/{rel}","templated":true}]}}